{"id":28893,"date":"2024-03-05T16:52:11","date_gmt":"2024-03-05T15:52:11","guid":{"rendered":"https:\/\/maystre.swiss\/?page_id=28893"},"modified":"2024-04-11T14:16:09","modified_gmt":"2024-04-11T12:16:09","slug":"contact","status":"publish","type":"page","link":"https:\/\/maystre.swiss\/de\/contact\/","title":{"rendered":"KONTAKT"},"content":{"rendered":"","protected":false},"excerpt":{"rendered":"","protected":false},"author":1,"featured_media":0,"parent":0,"menu_order":1,"comment_status":"closed","ping_status":"closed","template":"","meta":{"_uf_show_specific_survey":0,"_uf_disable_surveys":false},"class_list":["post-28893","page","type-page","status-publish","hentry"],"grid":"{\r\n  \"colCount\": 12,\r\n  \"colGutter\": 1,\r\n  \"rowGutters\": [],\r\n  \"frameMargin\": 5,\r\n  \"leftFrameMargin\": 0,\r\n  \"rightFrameMargin\": 0,\r\n  \"topFrameMargin\": 0,\r\n  \"mus\": {\r\n    \"colGutterMu\": \"%\",\r\n    \"rowGutterMu\": \"%\",\r\n    \"topFrameMu\": \"px\",\r\n    \"bottomFrameMu\": \"%\",\r\n    \"frameMu\": \"%\"\r\n  },\r\n  \"bottomFrameMargin\": 0,\r\n  \"rowAttrs\": [\r\n    {\r\n      \"row100vh\": true,\r\n      \"bgimageopacity\": 100,\r\n      \"relid\": 1\r\n    }\r\n  ],\r\n  \"bgColor\": \"#062538\",\r\n  \"bgImage\": null,\r\n  \"cont\": [\r\n    {\r\n      \"type\": \"stack\",\r\n      \"cont\": [\r\n        {\r\n          \"type\": \"text\",\r\n          \"cont\": \"<h1 class=\\\"_GrandTitre\\\"><span style=\\\"color: #16c1e4;\\\">Nous contacter<\/span><\/h1>\",\r\n          \"align\": \"top\",\r\n          \"row\": -1,\r\n          \"col\": 1,\r\n          \"colspan\": 8,\r\n          \"offsetx\": 0,\r\n          \"offsety\": 0,\r\n          \"spaceabove\": 2,\r\n          \"spacebelow\": 0,\r\n          \"yvel\": 1,\r\n          \"push\": 1,\r\n          \"relid\": 3,\r\n          \"absolute_position\": false\r\n        },\r\n        {\r\n          \"type\": \"text\",\r\n          \"cont\": \"<p class=\\\"_TexteNormal\\\" data-pm-slice=\\\"1 1 []\\\"><span style=\\\"color: #ffffff;\\\">Maystre - Gen\u00e8ve est \u00e0 votre disposition pour toute question ou pour discuter de votre int\u00e9r\u00eat pour Abysse. Nous sommes ravis de partager notre passion et notre vision avec vous. Contactez-nous pour d\u00e9couvrir comment Abysse peut enrichir votre perception du temps et de l'espace.<\/span><\/p>\",\r\n          \"align\": \"top\",\r\n          \"row\": -1,\r\n          \"col\": 1,\r\n          \"colspan\": 10,\r\n          \"offsetx\": 0,\r\n          \"offsety\": 0,\r\n          \"spaceabove\": 2,\r\n          \"spacebelow\": 0,\r\n          \"yvel\": 1,\r\n          \"push\": 1,\r\n          \"relid\": 7,\r\n          \"absolute_position\": false\r\n        },\r\n        {\r\n          \"type\": \"shortcode\",\r\n          \"cont\": \"[wpforms id=\\\"28935\\\"]\",\r\n          \"align\": \"middle\",\r\n          \"row\": -1,\r\n          \"col\": 1,\r\n          \"colspan\": 10,\r\n          \"offsetx\": 0,\r\n          \"offsety\": 0,\r\n          \"spaceabove\": 0,\r\n          \"spacebelow\": 0,\r\n          \"yvel\": 1,\r\n          \"push\": 1,\r\n          \"relid\": 4,\r\n          \"shortcodeid\": 1709746475863,\r\n          \"absolute_position\": false\r\n        },\r\n        {\r\n          \"type\": \"text\",\r\n          \"cont\": \"<p class=\\\"_PetitTitre\\\"><span style=\\\"font-family: CabinetGrotesk-Medium; color: #16c1e4;\\\">NOUS RENCONTRER<\/span><\/p><p class=\\\"_TexteNormal\\\"><span style=\\\"color: #ffffff;\\\">Horlogerie Maystre<\/span><br \/><span style=\\\"color: #ffffff;\\\">Rue de la Puiserande 9,<\/span><br \/><span style=\\\"color: #ffffff;\\\">1205 Gen\u00e8ve, Suisse<br \/><a style=\\\"color: #ffffff;\\\" href=\\\"tel:+41 76 725 89 02\\\">+41 76 725 89 02<\/a><\/span><\/p><p class=\\\"_PetitTitre\\\"><span style=\\\"font-family: CabinetGrotesk-Medium; color: #16c1e4;\\\"><br \/>NOUS SUIVRE<\/span><\/p>\",\r\n          \"align\": \"middle\",\r\n          \"row\": -1,\r\n          \"col\": 1,\r\n          \"colspan\": 8,\r\n          \"offsetx\": 0,\r\n          \"offsety\": 0,\r\n          \"spaceabove\": 3,\r\n          \"spacebelow\": 1,\r\n          \"yvel\": 1,\r\n          \"push\": 1,\r\n          \"relid\": 5,\r\n          \"absolute_position\": false\r\n        },\r\n        {\r\n          \"type\": \"socialmediaicons\",\r\n          \"cont\": \"\",\r\n          \"align\": \"middle\",\r\n          \"row\": -1,\r\n          \"col\": 1,\r\n          \"colspan\": 8,\r\n          \"offsetx\": 0,\r\n          \"offsety\": 0,\r\n          \"spaceabove\": 0,\r\n          \"spacebelow\": 1,\r\n          \"yvel\": 1,\r\n          \"push\": 1,\r\n          \"relid\": 6,\r\n          \"config\": {\r\n            \"desktop\": {\r\n              \"width\": 28,\r\n              \"height\": 40,\r\n              \"spacebetween\": 15\r\n            },\r\n            \"tablet\": {\r\n              \"width\": 40,\r\n              \"height\": 40,\r\n              \"spacebetween\": 15\r\n            },\r\n            \"phone\": {\r\n              \"width\": 30,\r\n              \"height\": 30,\r\n              \"spacebetween\": 10\r\n            },\r\n            \"alignment\": \"left\",\r\n            \"setwidthorheight\": \"width\",\r\n            \"content\": [\r\n              {\r\n                \"id\": \"social_media_icons_circle\/5279112_camera_instagram_social media_instagram_logo_icon.svg\",\r\n                \"link\": \"https:\/\/www.instagram.com\/maystre_geneve\/\"\r\n              },\r\n              {\r\n                \"id\": \"social_media_icons_circle\/5279111_network_fb_social_media_facebook_facebook_logo_icon.svg\",\r\n                \"link\": \"https:\/\/www.facebook.com\/people\/Maystre-Gen%C3%A8ve\/61558056540535\/\"\r\n              },\r\n              {\r\n                \"id\": \"social_media_icons_circle\/5279114_linkedin_network_social network_linkedin_logo_icon.svg\",\r\n                \"link\": \"https:\/\/www.linkedin.com\/authwall?trk=bf&trkInfo=AQHx8BEtDnFxkgAAAY6-BxUYq7t0t6rr5O8PB_OEST8-pXqN3Rfkte6PYKS-81aK-QpSnwAMHPxTPrstYqabNl_BaHLGIkT_egRLECgVM8CoOW2z2GOlBtZmsRO3JGvbhRdoxYk=&original_referer=&sessionRedirect=https%3A%2F%2Fwww.linkedin.com%2Fcompany%2Fmaystre-gen%25C3%25A8ve\"\r\n              }\r\n            ]\r\n          },\r\n          \"absolute_position\": false\r\n        },\r\n        {\r\n          \"type\": \"text\",\r\n          \"cont\": \"<p class=\\\"_PetitTitre\\\"><span style=\\\"font-family: CabinetGrotesk-Medium; color: #16c1e4;\\\">CR\u00c9DITS:<br \/><span style=\\\"color: #ffffff; font-size: 16px;\\\">Photographies: <a style=\\\"color: #ffffff;\\\" rel=\\\"noopener\\\" href=\\\"http:\/\/www.svendlind.ch\\\" target=\\\"_blank\\\">Svend Lind<\/a><br \/>D.A &amp; Website: <a style=\\\"color: #ffffff;\\\" rel=\\\"noopener\\\" href=\\\"https:\/\/stephaniebrusick.com\/\\\" target=\\\"_blank\\\">St\u00e9phanie<\/a><\/span><br \/><br \/><\/span><\/p>\",\r\n          \"align\": \"middle\",\r\n          \"row\": -1,\r\n          \"col\": 1,\r\n          \"colspan\": 10,\r\n          \"offsetx\": 0,\r\n          \"offsety\": 0,\r\n          \"spaceabove\": 1,\r\n          \"spacebelow\": 1,\r\n          \"yvel\": 1,\r\n          \"push\": 1,\r\n          \"relid\": 8,\r\n          \"absolute_position\": false\r\n        }\r\n      ],\r\n      \"align\": \"top\",\r\n      \"row\": 0,\r\n      \"col\": 0,\r\n      \"colspan\": 12,\r\n      \"offsetx\": 0,\r\n      \"offsety\": 0,\r\n      \"spaceabove\": 0,\r\n      \"spacebelow\": 0,\r\n      \"yvel\": 1,\r\n      \"push\": 0,\r\n      \"relid\": 2,\r\n      \"absolute_position\": true\r\n    }\r\n  ]\r\n}","phonegrid":"","_links":{"self":[{"href":"https:\/\/maystre.swiss\/de\/wp-json\/wp\/v2\/pages\/28893","targetHints":{"allow":["GET"]}}],"collection":[{"href":"https:\/\/maystre.swiss\/de\/wp-json\/wp\/v2\/pages"}],"about":[{"href":"https:\/\/maystre.swiss\/de\/wp-json\/wp\/v2\/types\/page"}],"author":[{"embeddable":true,"href":"https:\/\/maystre.swiss\/de\/wp-json\/wp\/v2\/users\/1"}],"replies":[{"embeddable":true,"href":"https:\/\/maystre.swiss\/de\/wp-json\/wp\/v2\/comments?post=28893"}],"version-history":[{"count":0,"href":"https:\/\/maystre.swiss\/de\/wp-json\/wp\/v2\/pages\/28893\/revisions"}],"wp:attachment":[{"href":"https:\/\/maystre.swiss\/de\/wp-json\/wp\/v2\/media?parent=28893"}],"curies":[{"name":"wp","href":"https:\/\/api.w.org\/{rel}","templated":true}]}}